{"id":9676,"date":"2016-03-16T19:50:28","date_gmt":"2016-03-16T18:50:28","guid":{"rendered":"https:\/\/antalyalux.com\/%d0%be-%d0%bd%d0%b0%d1%81\/"},"modified":"2024-05-22T15:06:24","modified_gmt":"2024-05-22T13:06:24","slug":"hakkimizda","status":"publish","type":"page","link":"https:\/\/old.brilions.com\/tr\/hakkimizda\/","title":{"rendered":"Hakk\u0131m\u0131zda"},"content":{"rendered":"<p>[vc_row css_animation=&#8221;none&#8221;][vc_column css_animation=&#8221;none&#8221;][vc_column_text]<a href=\"https:\/\/old.brilions.com\/wp-content\/uploads\/2020\/05\/sert_1.jpg\" target=\"_blank\" rel=\"noopener noreferrer\"><img decoding=\"async\" loading=\"lazy\" class=\"alignleft wp-image-9591\" src=\"https:\/\/old.brilions.com\/wp-content\/uploads\/2020\/05\/sert_1-1024x737.jpg\" alt=\"Hakk\u0131m\u0131zda\" width=\"290\" height=\"209\" srcset=\"https:\/\/old.brilions.com\/wp-content\/uploads\/2020\/05\/sert_1-1024x737.jpg 1024w, https:\/\/old.brilions.com\/wp-content\/uploads\/2020\/05\/sert_1-300x216.jpg 300w, https:\/\/old.brilions.com\/wp-content\/uploads\/2020\/05\/sert_1-768x553.jpg 768w, https:\/\/old.brilions.com\/wp-content\/uploads\/2020\/05\/sert_1-150x108.jpg 150w, https:\/\/old.brilions.com\/wp-content\/uploads\/2020\/05\/sert_1-350x252.jpg 350w, https:\/\/old.brilions.com\/wp-content\/uploads\/2020\/05\/sert_1-667x480.jpg 667w, https:\/\/old.brilions.com\/wp-content\/uploads\/2020\/05\/sert_1.jpg 1200w\" sizes=\"(max-width: 290px) 100vw, 290px\" \/><\/a>Brilions T\u00fcrkiye&#8217;de yat kiralama alan\u0131nda uzmand\u0131r! Sadece bu alanda ihtisas yap\u0131yoruz ve en iyi tekne turlar\u0131n\u0131 sizin i\u00e7in d\u00fczenlemek ad\u0131na geni\u015f bir tecr\u00fcbeye sahibiz! Motoryatlar, yelkenli yatlar, katamaranlar ve guletlerin bulundu\u011fu geni\u015f yelpaze se\u00e7eneklerimizle sizlere uygun b\u00fct\u00e7e ve isteklerinize g\u00f6re teklif sunmak i\u00e7in haz\u0131r\u0131z.<\/p>\n<p>Deniz turlar\u0131n\u0131n yan\u0131 s\u0131ra b\u00fct\u00fcn detaylarla ilgilenmeye ve otelden ile liman aras\u0131 ula\u015f\u0131m, jet ski, bal\u0131k tutma, dal\u0131\u015f, yatlardaki s\u00fcsleme ihtiya\u00e7lar\u0131, foto\u011fraf ve video kay\u0131d\u0131, seyahatinize dair \u015fahane an\u0131lar\u0131n\u0131z\u0131n video olarak haz\u0131rlanmas\u0131 gibi ek hizmetler sunmaya haz\u0131r\u0131z.[\/vc_column_text][\/vc_column][\/vc_row][vc_row][vc_column]<div style=\"clear:both; width:100%; height:30px\"><\/div>[\/vc_column][\/vc_row][vc_row css_animation=&#8221;none&#8221;][vc_column css_animation=&#8221;none&#8221;][vc_column_text]<a href=\"https:\/\/old.brilions.com\/wp-content\/uploads\/2024\/05\/brilions_2.jpeg\"><img decoding=\"async\" loading=\"lazy\" class=\"alignleft wp-image-74586\" src=\"https:\/\/old.brilions.com\/wp-content\/uploads\/2024\/05\/brilions_2-1024x720.jpeg\" alt=\"Hakk\u0131m\u0131zda\" width=\"290\" height=\"204\" srcset=\"https:\/\/old.brilions.com\/wp-content\/uploads\/2024\/05\/brilions_2-1024x720.jpeg 1024w, https:\/\/old.brilions.com\/wp-content\/uploads\/2024\/05\/brilions_2-300x211.jpeg 300w, https:\/\/old.brilions.com\/wp-content\/uploads\/2024\/05\/brilions_2-768x540.jpeg 768w, https:\/\/old.brilions.com\/wp-content\/uploads\/2024\/05\/brilions_2-1536x1080.jpeg 1536w, https:\/\/old.brilions.com\/wp-content\/uploads\/2024\/05\/brilions_2-150x105.jpeg 150w, https:\/\/old.brilions.com\/wp-content\/uploads\/2024\/05\/brilions_2-350x246.jpeg 350w, https:\/\/old.brilions.com\/wp-content\/uploads\/2024\/05\/brilions_2-683x480.jpeg 683w, https:\/\/old.brilions.com\/wp-content\/uploads\/2024\/05\/brilions_2.jpeg 1681w\" sizes=\"(max-width: 290px) 100vw, 290px\" \/><\/a>T\u00fcrkiye&#8217;de resmi olarak kay\u0131tl\u0131 olan \u015firketimiz tursitik aktiviteler i\u00e7in gerekli b\u00fct\u00fcn d\u00f6k\u00fcmanlara, sertifikalara, patentlere ve lisanslara sahiptir.<\/p>\n<p>Sayahatiniz i\u00e7in bize g\u00fcvendi\u011finizde sakin ve emin olabilirsiniz &#8211; t\u00fcm teknelerdeki yolculuklar\u0131n\u0131z g\u00fcvenli, sogartal\u0131 ve garantilidir. (Rezervasyon ve \u00f6n \u00f6deme yapt\u0131ktan sonra)!<br \/>\nAd\u0131m\u0131za de\u011fer vererek, i\u015fimizi d\u00fcr\u00fcst\u00e7e ve yasal olarak y\u00f6netiyoruz![\/vc_column_text][\/vc_column][\/vc_row][vc_row][vc_column]<div style=\"clear:both; width:100%; height:40px\"><\/div>[\/vc_column][\/vc_row][vc_row css_animation=&#8221;none&#8221;][vc_column css_animation=&#8221;none&#8221;][vc_column_text]<a href=\"https:\/\/www.tursab.org.tr\/tr\/ddsv\" target=\"_blank\" rel=\"noopener noreferrer\"><img decoding=\"async\" loading=\"lazy\" class=\"alignleft\" src=\"https:\/\/old.brilions.com\/wp-content\/uploads\/2020\/06\/tursab-dvs-12560.png\" alt=\"Hakk\u0131m\u0131zda\" width=\"290\" height=\"132\" \/><\/a>Brilions \u015firketi T\u00fcrkiye Seyahat Acentalar\u0131 Birli\u011fin (TURSAB) \u00fcyesidir. Turizm sekt\u00f6r\u00fcnde bu \u00e7ok \u00f6nemli bir kalite i\u015faretidir.<\/p>\n<p>Bir seyahat, gezi, veya tekne turu i\u00e7in yer ay\u0131rmadan \u00f6nce se\u00e7ti\u011finiz firman\u0131n b\u00fct\u00fcn gerekli ko\u015fullara ve T\u00fcrkiye&#8217;deki yasalara uyumlu oldu\u011fundan ve turistik faaliyetler yapmak i\u00e7in TURSAB lisans\u0131 sahibi oldu\u011fundan emin olun.<\/p>\n<p>\u015eirketimizin g\u00fcvenirli\u011fini kontrol etmek i\u00e7in sembole t\u0131klay\u0131p TURSAB resmi sitesinden bizim hakk\u0131m\u0131zda bilgi edinebilirsiniz. Ya da bizim \u00f6zel numaram\u0131z olan 12560 kodunu kullanarak siteden kendiniz kontrol edebilirsiniz.<br \/>\nDikkatli olun ve seyahatiniz i\u00e7in yaln\u0131zca lisans\u0131 olan firmalara g\u00fcvenin![\/vc_column_text][\/vc_column][\/vc_row][vc_row equal_height=&#8221;yes&#8221; css_animation=&#8221;none&#8221;][vc_column css_animation=&#8221;fadeIn&#8221; width=&#8221;1\/2&#8243;][vc_column_text css_animation=&#8221;none&#8221; css=&#8221;.vc_custom_1712910630080{padding-top: 20px !important;padding-right: 20px !important;padding-bottom: 20px !important;padding-left: 20px !important;background-color: rgba(0,174,239,0.1) !important;*background-color: rgb(0,174,239) !important;}&#8221; el_class=&#8221;blue-content&#8221;]<strong>Adresimiz:<\/strong><br \/>\nMolla Yusuf, Uncal\u0131 Cd. No: 32\/C, 07070 Konyaalt\u0131\/Antalya<\/p>\n<p><strong>Telefon numaram\u0131z:<\/strong><br \/>\n<a href=\"tel: +79581119529\">+7 958 111 9529<\/a><\/p>\n<p><strong>E-mail:<\/strong><br \/>\n<a href=\"mailto:info@brilions.com\">info@brilions.com<\/a><\/p>\n<p><a href=\"tel:+79581119529\" target=\"_blank\" rel=\"noopener noreferrer\"><img alt=\"Hakk\u0131m\u0131zda\" decoding=\"async\" loading=\"lazy\" title=\"Call the phone\" src=\"https:\/\/old.brilions.com\/wp-content\/uploads\/2020\/05\/telephone-color.png\" width=\"50\" height=\"50\" data-wp-editing=\"1\" \/><\/a><a href=\"https:\/\/wa.me\/79581119529\" target=\"_blank\" rel=\"noopener noreferrer\"><img decoding=\"async\" loading=\"lazy\" title=\"Write to WhatsApp\" src=\"https:\/\/old.brilions.com\/wp-content\/uploads\/2020\/05\/whatsapp-color.png\" alt=\"Hakk\u0131m\u0131zda\" width=\"50\" height=\"50\" \/><\/a><a href=\"https:\/\/t.me\/brilions_yacht\" target=\"_blank\" rel=\"noopener noreferrer\"><img alt=\"Hakk\u0131m\u0131zda\" decoding=\"async\" loading=\"lazy\" title=\"Write to Telegram\" src=\"https:\/\/old.brilions.com\/wp-content\/uploads\/2020\/05\/telegram-color.png\" width=\"50\" height=\"50\" \/><\/a><a href=\"mailto:info@brilions.com\" target=\"_blank\" rel=\"noopener noreferrer\"><img alt=\"Hakk\u0131m\u0131zda\" decoding=\"async\" loading=\"lazy\" title=\"Send an e-mail\" src=\"https:\/\/old.brilions.com\/wp-content\/uploads\/2020\/05\/mail-color.png\" width=\"50\" height=\"50\" \/><\/a>[\/vc_column_text][\/vc_column][vc_column width=&#8221;1\/2&#8243;][vc_column_text css_animation=&#8221;none&#8221; css=&#8221;.vc_custom_1670585711457{padding-top: 20px !important;padding-right: 20px !important;padding-bottom: 20px !important;padding-left: 20px !important;background-color: rgba(0,174,239,0.1) !important;*background-color: rgb(0,174,239) !important;}&#8221; el_class=&#8221;blue-content&#8221;]Bizimle yapt\u0131\u011f\u0131n\u0131z tekne turunu be\u011fendiyseniz veya di\u011fer m\u00fc\u015fterilerimizin bizim hakk\u0131m\u0131zda yapt\u0131\u011f\u0131 yorumlar\u0131 g\u00f6rmek istiyorsan\u0131z &#8211; geri bildirimlerinizi g\u00f6rmekten \u00e7ok mutlu olaca\u011f\u0131m\u0131z Yandex, Google ve TripAvizor hesaplar\u0131m\u0131za bakabilirsiniz.<\/p>\n<p><a href=\"https:\/\/yandex.ru\/profile\/67155125910\" target=\"_blank\" rel=\"noopener\"><img decoding=\"async\" loading=\"lazy\" class=\"alignnone wp-image-29145\" src=\"https:\/\/old.brilions.com\/wp-content\/uploads\/2021\/02\/yandex.jpg\" alt=\"Hakk\u0131m\u0131zda\" width=\"150\" height=\"42\" srcset=\"https:\/\/old.brilions.com\/wp-content\/uploads\/2021\/02\/yandex.jpg 200w, https:\/\/old.brilions.com\/wp-content\/uploads\/2021\/02\/yandex-150x42.jpg 150w\" sizes=\"(max-width: 150px) 100vw, 150px\" \/><\/a><br \/>\n<a href=\"https:\/\/g.page\/r\/CRFVpwQjvQ8IEB0\/review\" target=\"_blank\" rel=\"noopener\"><img decoding=\"async\" loading=\"lazy\" class=\"alignnone wp-image-29140\" src=\"https:\/\/old.brilions.com\/wp-content\/uploads\/2021\/02\/google.jpg\" alt=\"Hakk\u0131m\u0131zda\" width=\"150\" height=\"42\" srcset=\"https:\/\/old.brilions.com\/wp-content\/uploads\/2021\/02\/google.jpg 200w, https:\/\/old.brilions.com\/wp-content\/uploads\/2021\/02\/google-150x42.jpg 150w\" sizes=\"(max-width: 150px) 100vw, 150px\" \/><\/a><br \/>\n<a href=\"https:\/\/www.tripadvisor.ru\/Attraction_Review-g297962-d20325971-Reviews-AntalyaLUX-Antalya_Turkish_Mediterranean_Coast.html\" target=\"_blank\" rel=\"noopener\"><img decoding=\"async\" loading=\"lazy\" class=\"alignnone wp-image-29135\" src=\"https:\/\/old.brilions.com\/wp-content\/uploads\/2021\/02\/trip-1.jpg\" alt=\"Hakk\u0131m\u0131zda\" width=\"150\" height=\"42\" srcset=\"https:\/\/old.brilions.com\/wp-content\/uploads\/2021\/02\/trip-1.jpg 200w, https:\/\/old.brilions.com\/wp-content\/uploads\/2021\/02\/trip-1-150x42.jpg 150w\" sizes=\"(max-width: 150px) 100vw, 150px\" \/><\/a>[\/vc_column_text][\/vc_column][\/vc_row][vc_row css_animation=&#8221;none&#8221;][vc_column css_animation=&#8221;none&#8221;][vc_column_text]<\/p>\n<h3><img decoding=\"async\" loading=\"lazy\" class=\"alignleft wp-image-9585\" src=\"https:\/\/old.brilions.com\/wp-content\/uploads\/2020\/05\/h-150x150.png\" alt=\"Hakk\u0131m\u0131zda\" width=\"170\" height=\"170\" srcset=\"https:\/\/old.brilions.com\/wp-content\/uploads\/2020\/05\/h-150x150.png 150w, https:\/\/old.brilions.com\/wp-content\/uploads\/2020\/05\/h.png 200w\" sizes=\"(max-width: 170px) 100vw, 170px\" \/>Hakan \u015eAH\u0130NO\u011eLU &#8211; Broker<\/h3>\n<p>1967 Antalya do\u011fumluyum. Orta\u00f6\u011fretim e\u011fitimimi Antalya da bitirdim. \u00dcniversite e\u011fitimimi Yerel Y\u00f6netimler \u00d6nlisans, Siyaset Bilimi ve Kamu Y\u00f6netimi \u0130ktisadi ve \u0130dari Bilimler Fak\u00fcltesi Lisans olarak tamamlad\u0131m. Uzun y\u0131llar siyaset ve yerel toplum kurulu\u015flar\u0131nda g\u00f6rev ald\u0131m. Antalya Konyaalt\u0131 Belediyesinde Meclis \u00fcyeli\u011fi, Ba\u015fkan vekilli\u011fi, Enc\u00fcmen, B\u00fct\u00e7e Komisyon Ba\u015fkanl\u0131\u011f\u0131, \u0130mar Komisyonu gibi g\u00f6revlerde bulundum.<br \/>\nBir grup \u015firketin kurucusu ve Antalya Houses de bu grupun i\u00e7erisinde<\/p>\n<p>&nbsp;<\/p>\n<h3><\/h3>\n<h3><img decoding=\"async\" loading=\"lazy\" class=\"alignleft wp-image-9581\" src=\"https:\/\/old.brilions.com\/wp-content\/uploads\/2020\/05\/a-150x150.png\" alt=\"Hakk\u0131m\u0131zda\" width=\"170\" height=\"170\" srcset=\"https:\/\/old.brilions.com\/wp-content\/uploads\/2020\/05\/a-150x150.png 150w, https:\/\/old.brilions.com\/wp-content\/uploads\/2020\/05\/a.png 200w\" sizes=\"(max-width: 170px) 100vw, 170px\" \/>Anna ZAKIROVA &#8211; Broker<\/h3>\n<p>1980 y\u0131l\u0131nda Moskova da do\u011fdum. Moskova\u2019da Uluslararas\u0131 Reklamc\u0131l\u0131k \u00dcniversitesi mezunuyum. 2000 y\u0131l\u0131ndan bu yana Rusya\u2019da internet sitelerinin olu\u015fturulmas\u0131 ve teknik destek bizness projelerininin y\u00f6neticisi olarak \u00e7al\u0131\u015f\u0131yorum. Antalya\u2019da emlak ajans\u0131 (Antalya Houses) ve T\u00fcrkiye genelinde yat kiralama (Brilions) \u015firketlerinin ortak sahibiyim.[\/vc_column_text][\/vc_column][\/vc_row]<\/p>\n","protected":false},"excerpt":{"rendered":"<p>[vc_row css_animation=&#8221;none&#8221;][vc_column css_animation=&#8221;none&#8221;][vc_column_text]Brilions T\u00fcrkiye&#8217;de yat kiralama alan\u0131nda uzmand\u0131r! Sadece bu alanda ihtisas yap\u0131yoruz ve en iyi tekne turlar\u0131n\u0131 sizin i\u00e7in d\u00fczenlemek ad\u0131na geni\u015f bir tecr\u00fcbeye sahibiz! Motoryatlar, yelkenli yatlar, katamaranlar ve guletlerin bulundu\u011fu geni\u015f yelpaze se\u00e7eneklerimizle sizlere uygun b\u00fct\u00e7e ve isteklerinize g\u00f6re teklif sunmak i\u00e7in haz\u0131r\u0131z. Deniz turlar\u0131n\u0131n yan\u0131 s\u0131ra b\u00fct\u00fcn detaylarla ilgilenmeye ve otelden [&hellip;]<\/p>\n","protected":false},"author":1,"featured_media":0,"parent":0,"menu_order":289,"comment_status":"closed","ping_status":"closed","template":"template\/template-page.php","meta":[],"yoast_head":"<!-- This site is optimized with the Yoast SEO plugin v20.7 - https:\/\/yoast.com\/wordpress\/plugins\/seo\/ -->\n<title>Hakk\u0131m\u0131zda - Brilions<\/title>\n<meta name=\"description\" content=\"Brilions, T\u00fcrkiye&#039;nin d\u00f6rt bir yan\u0131ndaki destinasyon se\u00e7enekleriyle size en iyi motorlu yatlar, yelkenli yatlar, katamaranlar ve kiral\u0131k guletler sunmaktad\u0131r. Faaliyetleri y\u00fcr\u00fctmek i\u00e7in gerekli t\u00fcm sertifikalara, patentlere ve lisanslara sahibiz.\" \/>\n<meta name=\"robots\" content=\"noindex, follow, max-snippet:-1, max-image-preview:large, max-video-preview:-1\" \/>\n<meta property=\"og:locale\" content=\"tr_TR\" \/>\n<meta property=\"og:type\" content=\"article\" \/>\n<meta property=\"og:title\" content=\"Hakk\u0131m\u0131zda - Brilions\" \/>\n<meta property=\"og:description\" content=\"Brilions, T\u00fcrkiye&#039;nin d\u00f6rt bir yan\u0131ndaki destinasyon se\u00e7enekleriyle size en iyi motorlu yatlar, yelkenli yatlar, katamaranlar ve kiral\u0131k guletler sunmaktad\u0131r. Faaliyetleri y\u00fcr\u00fctmek i\u00e7in gerekli t\u00fcm sertifikalara, patentlere ve lisanslara sahibiz.\" \/>\n<meta property=\"og:url\" content=\"https:\/\/old.brilions.com\/tr\/hakkimizda\/\" \/>\n<meta property=\"og:site_name\" content=\"Brilions\" \/>\n<meta property=\"article:modified_time\" content=\"2024-05-22T13:06:24+00:00\" \/>\n<meta property=\"og:image\" content=\"https:\/\/old.brilions.com\/wp-content\/uploads\/2020\/05\/sert_1-1024x737.jpg\" \/>\n<meta name=\"twitter:card\" content=\"summary_large_image\" \/>\n<meta name=\"twitter:label1\" content=\"Tahmini okuma s\u00fcresi\" \/>\n\t<meta name=\"twitter:data1\" content=\"5 dakika\" \/>\n<script type=\"application\/ld+json\" class=\"yoast-schema-graph\">{\"@context\":\"https:\/\/schema.org\",\"@graph\":[{\"@type\":\"WebPage\",\"@id\":\"https:\/\/old.brilions.com\/tr\/hakkimizda\/\",\"url\":\"https:\/\/old.brilions.com\/tr\/hakkimizda\/\",\"name\":\"Hakk\u0131m\u0131zda - Brilions\",\"isPartOf\":{\"@id\":\"https:\/\/old.brilions.com\/#website\"},\"datePublished\":\"2016-03-16T18:50:28+00:00\",\"dateModified\":\"2024-05-22T13:06:24+00:00\",\"description\":\"Brilions, T\u00fcrkiye'nin d\u00f6rt bir yan\u0131ndaki destinasyon se\u00e7enekleriyle size en iyi motorlu yatlar, yelkenli yatlar, katamaranlar ve kiral\u0131k guletler sunmaktad\u0131r. Faaliyetleri y\u00fcr\u00fctmek i\u00e7in gerekli t\u00fcm sertifikalara, patentlere ve lisanslara sahibiz.\",\"breadcrumb\":{\"@id\":\"https:\/\/old.brilions.com\/tr\/hakkimizda\/#breadcrumb\"},\"inLanguage\":\"tr\",\"potentialAction\":[{\"@type\":\"ReadAction\",\"target\":[\"https:\/\/old.brilions.com\/tr\/hakkimizda\/\"]}]},{\"@type\":\"BreadcrumbList\",\"@id\":\"https:\/\/old.brilions.com\/tr\/hakkimizda\/#breadcrumb\",\"itemListElement\":[{\"@type\":\"ListItem\",\"position\":1,\"name\":\"\u0413\u043b\u0430\u0432\u043d\u0430\u044f \u0441\u0442\u0440\u0430\u043d\u0438\u0446\u0430\",\"item\":\"https:\/\/old.brilions.com\/tr\/\"},{\"@type\":\"ListItem\",\"position\":2,\"name\":\"Hakk\u0131m\u0131zda\"}]},{\"@type\":\"WebSite\",\"@id\":\"https:\/\/old.brilions.com\/#website\",\"url\":\"https:\/\/old.brilions.com\/\",\"name\":\"Brilions\",\"description\":\"Turkiye\u2019de yat kiralama\",\"potentialAction\":[{\"@type\":\"SearchAction\",\"target\":{\"@type\":\"EntryPoint\",\"urlTemplate\":\"https:\/\/old.brilions.com\/?s={search_term_string}\"},\"query-input\":\"required name=search_term_string\"}],\"inLanguage\":\"tr\"}]}<\/script>\n<!-- \/ Yoast SEO plugin. -->","yoast_head_json":{"title":"Hakk\u0131m\u0131zda - Brilions","description":"Brilions, T\u00fcrkiye'nin d\u00f6rt bir yan\u0131ndaki destinasyon se\u00e7enekleriyle size en iyi motorlu yatlar, yelkenli yatlar, katamaranlar ve kiral\u0131k guletler sunmaktad\u0131r. Faaliyetleri y\u00fcr\u00fctmek i\u00e7in gerekli t\u00fcm sertifikalara, patentlere ve lisanslara sahibiz.","robots":{"index":"noindex","follow":"follow","max-snippet":"max-snippet:-1","max-image-preview":"max-image-preview:large","max-video-preview":"max-video-preview:-1"},"og_locale":"tr_TR","og_type":"article","og_title":"Hakk\u0131m\u0131zda - Brilions","og_description":"Brilions, T\u00fcrkiye'nin d\u00f6rt bir yan\u0131ndaki destinasyon se\u00e7enekleriyle size en iyi motorlu yatlar, yelkenli yatlar, katamaranlar ve kiral\u0131k guletler sunmaktad\u0131r. Faaliyetleri y\u00fcr\u00fctmek i\u00e7in gerekli t\u00fcm sertifikalara, patentlere ve lisanslara sahibiz.","og_url":"https:\/\/old.brilions.com\/tr\/hakkimizda\/","og_site_name":"Brilions","article_modified_time":"2024-05-22T13:06:24+00:00","og_image":[{"url":"https:\/\/old.brilions.com\/wp-content\/uploads\/2020\/05\/sert_1-1024x737.jpg"}],"twitter_card":"summary_large_image","twitter_misc":{"Tahmini okuma s\u00fcresi":"5 dakika"},"schema":{"@context":"https:\/\/schema.org","@graph":[{"@type":"WebPage","@id":"https:\/\/old.brilions.com\/tr\/hakkimizda\/","url":"https:\/\/old.brilions.com\/tr\/hakkimizda\/","name":"Hakk\u0131m\u0131zda - Brilions","isPartOf":{"@id":"https:\/\/old.brilions.com\/#website"},"datePublished":"2016-03-16T18:50:28+00:00","dateModified":"2024-05-22T13:06:24+00:00","description":"Brilions, T\u00fcrkiye'nin d\u00f6rt bir yan\u0131ndaki destinasyon se\u00e7enekleriyle size en iyi motorlu yatlar, yelkenli yatlar, katamaranlar ve kiral\u0131k guletler sunmaktad\u0131r. Faaliyetleri y\u00fcr\u00fctmek i\u00e7in gerekli t\u00fcm sertifikalara, patentlere ve lisanslara sahibiz.","breadcrumb":{"@id":"https:\/\/old.brilions.com\/tr\/hakkimizda\/#breadcrumb"},"inLanguage":"tr","potentialAction":[{"@type":"ReadAction","target":["https:\/\/old.brilions.com\/tr\/hakkimizda\/"]}]},{"@type":"BreadcrumbList","@id":"https:\/\/old.brilions.com\/tr\/hakkimizda\/#breadcrumb","itemListElement":[{"@type":"ListItem","position":1,"name":"\u0413\u043b\u0430\u0432\u043d\u0430\u044f \u0441\u0442\u0440\u0430\u043d\u0438\u0446\u0430","item":"https:\/\/old.brilions.com\/tr\/"},{"@type":"ListItem","position":2,"name":"Hakk\u0131m\u0131zda"}]},{"@type":"WebSite","@id":"https:\/\/old.brilions.com\/#website","url":"https:\/\/old.brilions.com\/","name":"Brilions","description":"Turkiye\u2019de yat kiralama","potentialAction":[{"@type":"SearchAction","target":{"@type":"EntryPoint","urlTemplate":"https:\/\/old.brilions.com\/?s={search_term_string}"},"query-input":"required name=search_term_string"}],"inLanguage":"tr"}]}},"_links":{"self":[{"href":"https:\/\/old.brilions.com\/tr\/wp-json\/wp\/v2\/pages\/9676"}],"collection":[{"href":"https:\/\/old.brilions.com\/tr\/wp-json\/wp\/v2\/pages"}],"about":[{"href":"https:\/\/old.brilions.com\/tr\/wp-json\/wp\/v2\/types\/page"}],"author":[{"embeddable":true,"href":"https:\/\/old.brilions.com\/tr\/wp-json\/wp\/v2\/users\/1"}],"replies":[{"embeddable":true,"href":"https:\/\/old.brilions.com\/tr\/wp-json\/wp\/v2\/comments?post=9676"}],"version-history":[{"count":0,"href":"https:\/\/old.brilions.com\/tr\/wp-json\/wp\/v2\/pages\/9676\/revisions"}],"wp:attachment":[{"href":"https:\/\/old.brilions.com\/tr\/wp-json\/wp\/v2\/media?parent=9676"}],"curies":[{"name":"wp","href":"https:\/\/api.w.org\/{rel}","templated":true}]}}