{"id":67116,"date":"2016-04-27T18:33:36","date_gmt":"2016-04-27T16:33:36","guid":{"rendered":"https:\/\/old.brilions.com\/?page_id=67116"},"modified":"2023-03-01T18:31:15","modified_gmt":"2023-03-01T17:31:15","slug":"brilions","status":"publish","type":"page","link":"https:\/\/old.brilions.com\/tr\/","title":{"rendered":"Brilions"},"content":{"rendered":"<p>[vc_row][vc_column]\n        <!--start advance search module-->\n        <div class=\"advanced-search advanced-search-module houzez-adv-price-range\">\n\n                            <h3 class=\"advance-title\"><i class=\"fa fa-search\"><\/i> Yat se\u00e7imi<\/h3>\n                        <form autocomplete=\"off\" method=\"get\" action=\"https:\/\/old.brilions.com\/tr\/advanced-search\/\">\n                <div class=\"row\">\n                                        \n                    \n                    \n                                        <div class=\"col-sm-2 col-xs-6\">\n                        <div class=\"form-group\">\n                            <select name=\"location\" class=\"selectpicker\" data-live-search=\"false\"\n                                    data-live-search-style=\"begins\">\n                                <option value=\"\">Liman<\/option><option data-parentstate=\"\" value=\"alanya-tr\"> Alanya<\/option><option data-parentstate=\"\" value=\"antalya-tr\"> Antalya<\/option><option data-parentstate=\"\" value=\"bodrum-tr\"> Bodrum<\/option><option data-parentstate=\"\" value=\"fethiye-tr\"> Fethiye<\/option><option data-parentstate=\"\" value=\"gocek-tr\"> G\u00f6cek<\/option><option data-parentstate=\"\" value=\"istanbul-tr\"> \u0130stanbul<\/option><option data-parentstate=\"\" value=\"izmir-tr\"> \u0130zmir<\/option><option data-parentstate=\"\" value=\"kash-tr\"> Ka\u015f<\/option><option data-parentstate=\"\" value=\"kemer-tr\"> Kemer<\/option><option data-parentstate=\"\" value=\"marmaris-tr\"> Marmaris<\/option>                            <\/select>\n                        <\/div>\n                    <\/div>\n                    \n                    \n                                        <div class=\"col-sm-2 col-xs-6\">\n                        <div class=\"form-group\">\n                            <select class=\"selectpicker\" name=\"type\" data-live-search=\"false\"\n                                    data-live-search-style=\"begins\">\n                                <option value=\"\">T\u00fcr<\/option><option value=\"big-yacht-en-tr\"> B\u00fcy\u00fck yatlar<\/option><option value=\"gulet-tr\"> Guletler<\/option><option value=\"katamaran-tr\"> Katamaranlar<\/option><option value=\"motor-yacht-tr\"> Motorlu yatlar<\/option><option value=\"sailing-yacht-tr\"> Yelkenli yatlar<\/option>                            <\/select>\n                        <\/div>\n                    <\/div>\n                    \n                                       <div class=\"col-sm-2 col-xs-6\">\n                        <div class=\"form-group\">\n                            <select class=\"selectpicker\" id=\"selected_status_module\" name=\"status\"\n                                    data-live-search=\"false\" data-live-search-style=\"begins\"\n                                    >\n                                <option value=\"\">S\u00fcreklilik<\/option><option value=\"balik-tutma\"> Bal\u0131k tutma<\/option><option value=\"day-tr\"> G\u00fcn\u00fcbirlik turlar<\/option><option value=\"week-tr\"> Haftal\u0131k turlar<\/option><option value=\"398-en-tr\"> Saatlik turlar<\/option>                            <\/select>\n                        <\/div>\n                    <\/div>\n                   \n                    \n                    \n                    \n                    \n                    \n                    \n                    \n                    \n                    \n                        \n                                            \n\n                    <div class=\"col-sm-12 col-xs-12 other-features clearfix\">\n                        <div class=\"row\">\n                            <div class=\"col-sm-2 col-xs-12 pull-right\">\n                                <button type=\"submit\" class=\"btn btn-secondary\"><i\n                                        class=\"fa fa-search\"><\/i><\/i>Arama<\/button>\n                            <\/div>\n\n                            \n                        <\/div>\n                    <\/div>\n\n                    \n                <\/div>\n            <\/form>\n\n        <\/div>\n        <!--end advance search module-->\n\n        [\/vc_column][\/vc_row][vc_row][vc_column]\t\t<div\r\n\t\t\tclass=\"houzez-module module-title section-title-module text-center \">\r\n\t\t\t<h2>B\u00f6lgeye g\u00f6re yat ara<\/h2>\r\n\r\n\t\t\t<h3 class=\"sub-heading\"><\/h3>\r\n\t\t<\/div>\r\n\t\t\t\t<div id=\"location-module\"\r\n\t\t\t class=\"houzez-module location-module location-module-v2 grid grid_v2\">\r\n\t\t\t<div class=\"row\">\r\n\t\t\t\t\t\t\t\t\t\t<div class=\"col-sm-4\">\r\n\t\t\t\t\t\t\t<div class=\"location-block\" style=\"background-image: url(https:\/\/brilions.com\/wp-content\/uploads\/2023\/02\/4-1-1024x686.jpg);\">\r\n\t\t\t\t\t\t\t\t<a href=\"https:\/\/old.brilions.com\/tr\/city\/alanya-tr\/\">\r\n\t\t\t\t\t\t\t\t\t<div class=\"location-fig-caption\">\r\n\t\t\t\t\t\t\t\t\t\t<h3 class=\"heading\">Alanya<\/h3>\r\n\r\n\t\t\t\t\t\t\t\t\t\t<p class=\"sub-heading\">\r\n\t\t\t\t\t\t\t\t\t\t\t12\t\t\t\t\t\t\t\t\t\t\tSe\u00e7enek\t\t\t\t\t\t\t\t\t\t<\/p>\r\n\t\t\t\t\t\t\t\t\t<\/div>\r\n\t\t\t\t\t\t\t\t<\/a>\r\n\t\t\t\t\t\t\t<\/div>\r\n\t\t\t\t\t\t<\/div>\r\n\t\t\t\t\t\t\t\t\t\t\t\t<div class=\"col-sm-4\">\r\n\t\t\t\t\t\t\t<div class=\"location-block\" style=\"background-image: url(https:\/\/brilions.com\/wp-content\/uploads\/2023\/02\/14-1-2-1024x768.jpg);\">\r\n\t\t\t\t\t\t\t\t<a href=\"https:\/\/old.brilions.com\/tr\/city\/antalya-tr\/\">\r\n\t\t\t\t\t\t\t\t\t<div class=\"location-fig-caption\">\r\n\t\t\t\t\t\t\t\t\t\t<h3 class=\"heading\">Antalya<\/h3>\r\n\r\n\t\t\t\t\t\t\t\t\t\t<p class=\"sub-heading\">\r\n\t\t\t\t\t\t\t\t\t\t\t19\t\t\t\t\t\t\t\t\t\t\tSe\u00e7enek\t\t\t\t\t\t\t\t\t\t<\/p>\r\n\t\t\t\t\t\t\t\t\t<\/div>\r\n\t\t\t\t\t\t\t\t<\/a>\r\n\t\t\t\t\t\t\t<\/div>\r\n\t\t\t\t\t\t<\/div>\r\n\t\t\t\t\t\t\t\t\t\t\t\t<div class=\"col-sm-4\">\r\n\t\t\t\t\t\t\t<div class=\"location-block\" style=\"background-image: url(https:\/\/brilions.com\/wp-content\/uploads\/2023\/02\/1572807853_zamok-svjatogo-petra-g_-bodrum-turcija-3-scaled-1-1024x685.jpg);\">\r\n\t\t\t\t\t\t\t\t<a href=\"https:\/\/old.brilions.com\/tr\/city\/bodrum-tr\/\">\r\n\t\t\t\t\t\t\t\t\t<div class=\"location-fig-caption\">\r\n\t\t\t\t\t\t\t\t\t\t<h3 class=\"heading\">Bodrum<\/h3>\r\n\r\n\t\t\t\t\t\t\t\t\t\t<p class=\"sub-heading\">\r\n\t\t\t\t\t\t\t\t\t\t\t47\t\t\t\t\t\t\t\t\t\t\tSe\u00e7enek\t\t\t\t\t\t\t\t\t\t<\/p>\r\n\t\t\t\t\t\t\t\t\t<\/div>\r\n\t\t\t\t\t\t\t\t<\/a>\r\n\t\t\t\t\t\t\t<\/div>\r\n\t\t\t\t\t\t<\/div>\r\n\t\t\t\t\t\t\t\t\t\t\t\t<div class=\"col-sm-4\">\r\n\t\t\t\t\t\t\t<div class=\"location-block\" style=\"background-image: url(https:\/\/brilions.com\/wp-content\/uploads\/2023\/02\/82f5dc4de5bdd254b036b7f54e7a28f8-2-1024x683.jpg);\">\r\n\t\t\t\t\t\t\t\t<a href=\"https:\/\/old.brilions.com\/tr\/city\/fethiye-tr\/\">\r\n\t\t\t\t\t\t\t\t\t<div class=\"location-fig-caption\">\r\n\t\t\t\t\t\t\t\t\t\t<h3 class=\"heading\">Fethiye<\/h3>\r\n\r\n\t\t\t\t\t\t\t\t\t\t<p class=\"sub-heading\">\r\n\t\t\t\t\t\t\t\t\t\t\t47\t\t\t\t\t\t\t\t\t\t\tSe\u00e7enek\t\t\t\t\t\t\t\t\t\t<\/p>\r\n\t\t\t\t\t\t\t\t\t<\/div>\r\n\t\t\t\t\t\t\t\t<\/a>\r\n\t\t\t\t\t\t\t<\/div>\r\n\t\t\t\t\t\t<\/div>\r\n\t\t\t\t\t\t\t\t\t\t\t\t<div class=\"col-sm-4\">\r\n\t\t\t\t\t\t\t<div class=\"location-block\" style=\"background-image: url(https:\/\/brilions.com\/wp-content\/uploads\/2023\/02\/rixos-premium-gocek-2-1-1-2-1024x768.jpg);\">\r\n\t\t\t\t\t\t\t\t<a href=\"https:\/\/old.brilions.com\/tr\/city\/gocek-tr\/\">\r\n\t\t\t\t\t\t\t\t\t<div class=\"location-fig-caption\">\r\n\t\t\t\t\t\t\t\t\t\t<h3 class=\"heading\">G\u00f6cek<\/h3>\r\n\r\n\t\t\t\t\t\t\t\t\t\t<p class=\"sub-heading\">\r\n\t\t\t\t\t\t\t\t\t\t\t20\t\t\t\t\t\t\t\t\t\t\tSe\u00e7enek\t\t\t\t\t\t\t\t\t\t<\/p>\r\n\t\t\t\t\t\t\t\t\t<\/div>\r\n\t\t\t\t\t\t\t\t<\/a>\r\n\t\t\t\t\t\t\t<\/div>\r\n\t\t\t\t\t\t<\/div>\r\n\t\t\t\t\t\t\t\t\t\t\t\t<div class=\"col-sm-4\">\r\n\t\t\t\t\t\t\t<div class=\"location-block\" style=\"background-image: url(https:\/\/brilions.com\/wp-content\/uploads\/2023\/02\/stambul-nikogo-ne-ostavlyaet-ravnodushnym-1024x684-1.jpg);\">\r\n\t\t\t\t\t\t\t\t<a href=\"https:\/\/old.brilions.com\/tr\/city\/istanbul-tr\/\">\r\n\t\t\t\t\t\t\t\t\t<div class=\"location-fig-caption\">\r\n\t\t\t\t\t\t\t\t\t\t<h3 class=\"heading\">\u0130stanbul<\/h3>\r\n\r\n\t\t\t\t\t\t\t\t\t\t<p class=\"sub-heading\">\r\n\t\t\t\t\t\t\t\t\t\t\t9\t\t\t\t\t\t\t\t\t\t\tSe\u00e7enek\t\t\t\t\t\t\t\t\t\t<\/p>\r\n\t\t\t\t\t\t\t\t\t<\/div>\r\n\t\t\t\t\t\t\t\t<\/a>\r\n\t\t\t\t\t\t\t<\/div>\r\n\t\t\t\t\t\t<\/div>\r\n\t\t\t\t\t\t\t\t\t\t\t\t<div class=\"col-sm-4\">\r\n\t\t\t\t\t\t\t<div class=\"location-block\" style=\"background-image: url(https:\/\/brilions.com\/wp-content\/uploads\/2023\/02\/2-10-2-1024x955.jpg);\">\r\n\t\t\t\t\t\t\t\t<a href=\"https:\/\/old.brilions.com\/tr\/city\/izmir-tr\/\">\r\n\t\t\t\t\t\t\t\t\t<div class=\"location-fig-caption\">\r\n\t\t\t\t\t\t\t\t\t\t<h3 class=\"heading\">\u0130zmir<\/h3>\r\n\r\n\t\t\t\t\t\t\t\t\t\t<p class=\"sub-heading\">\r\n\t\t\t\t\t\t\t\t\t\t\t2\t\t\t\t\t\t\t\t\t\t\tSe\u00e7enek\t\t\t\t\t\t\t\t\t\t<\/p>\r\n\t\t\t\t\t\t\t\t\t<\/div>\r\n\t\t\t\t\t\t\t\t<\/a>\r\n\t\t\t\t\t\t\t<\/div>\r\n\t\t\t\t\t\t<\/div>\r\n\t\t\t\t\t\t\t\t\t\t\t\t<div class=\"col-sm-4\">\r\n\t\t\t\t\t\t\t<div class=\"location-block\" style=\"background-image: url(https:\/\/brilions.com\/wp-content\/uploads\/2023\/02\/tury-v-kemer-2.jpg);\">\r\n\t\t\t\t\t\t\t\t<a href=\"https:\/\/old.brilions.com\/tr\/city\/kemer-tr\/\">\r\n\t\t\t\t\t\t\t\t\t<div class=\"location-fig-caption\">\r\n\t\t\t\t\t\t\t\t\t\t<h3 class=\"heading\">Kemer<\/h3>\r\n\r\n\t\t\t\t\t\t\t\t\t\t<p class=\"sub-heading\">\r\n\t\t\t\t\t\t\t\t\t\t\t14\t\t\t\t\t\t\t\t\t\t\tSe\u00e7enek\t\t\t\t\t\t\t\t\t\t<\/p>\r\n\t\t\t\t\t\t\t\t\t<\/div>\r\n\t\t\t\t\t\t\t\t<\/a>\r\n\t\t\t\t\t\t\t<\/div>\r\n\t\t\t\t\t\t<\/div>\r\n\t\t\t\t\t\t\t\t\t\t\t\t<div class=\"col-sm-4\">\r\n\t\t\t\t\t\t\t<div class=\"location-block\" style=\"background-image: url(https:\/\/brilions.com\/wp-content\/uploads\/2023\/02\/marmaris-1-1-2-1024x681.jpg);\">\r\n\t\t\t\t\t\t\t\t<a href=\"https:\/\/old.brilions.com\/tr\/city\/marmaris-tr\/\">\r\n\t\t\t\t\t\t\t\t\t<div class=\"location-fig-caption\">\r\n\t\t\t\t\t\t\t\t\t\t<h3 class=\"heading\">Marmaris<\/h3>\r\n\r\n\t\t\t\t\t\t\t\t\t\t<p class=\"sub-heading\">\r\n\t\t\t\t\t\t\t\t\t\t\t37\t\t\t\t\t\t\t\t\t\t\tSe\u00e7enek\t\t\t\t\t\t\t\t\t\t<\/p>\r\n\t\t\t\t\t\t\t\t\t<\/div>\r\n\t\t\t\t\t\t\t\t<\/a>\r\n\t\t\t\t\t\t\t<\/div>\r\n\t\t\t\t\t\t<\/div>\r\n\t\t\t\t\t\t\t\t\t<\/div>\r\n\t\t<\/div>\r\n\t\t[\/vc_column][\/vc_row][vc_row][vc_column]\t\t<div\r\n\t\t\tclass=\"houzez-module module-title section-title-module text-center \">\r\n\t\t\t<h2>Yat tipine g\u00f6re ara<\/h2>\r\n\r\n\t\t\t<h3 class=\"sub-heading\"><\/h3>\r\n\t\t<\/div>\r\n\t\t\t\t<div id=\"location-module\"\r\n\t\t\t class=\"houzez-module location-module location-module-v2 grid grid_v2\">\r\n\t\t\t<div class=\"row\">\r\n\t\t\t\t\t\t\t\t\t\t<div class=\"col-sm-4\">\r\n\t\t\t\t\t\t\t<div class=\"location-block\" style=\"background-image: url(https:\/\/brilions.com\/wp-content\/uploads\/2021\/02\/motor-2.jpg);\">\r\n\t\t\t\t\t\t\t\t<a href=\"https:\/\/old.brilions.com\/tr\/yacht-type\/motor-yacht-tr\/\">\r\n\t\t\t\t\t\t\t\t\t<div class=\"location-fig-caption\">\r\n\t\t\t\t\t\t\t\t\t\t<h3 class=\"heading\">Motorlu yatlar<\/h3>\r\n\r\n\t\t\t\t\t\t\t\t\t\t<p class=\"sub-heading\">\r\n\t\t\t\t\t\t\t\t\t\t\t85\t\t\t\t\t\t\t\t\t\t\tSe\u00e7enek\t\t\t\t\t\t\t\t\t\t<\/p>\r\n\t\t\t\t\t\t\t\t\t<\/div>\r\n\t\t\t\t\t\t\t\t<\/a>\r\n\t\t\t\t\t\t\t<\/div>\r\n\t\t\t\t\t\t<\/div>\r\n\t\t\t\t\t\t\t\t\t\t\t\t<div class=\"col-sm-4\">\r\n\t\t\t\t\t\t\t<div class=\"location-block\" style=\"background-image: url(https:\/\/brilions.com\/wp-content\/uploads\/2021\/02\/gulet.jpg);\">\r\n\t\t\t\t\t\t\t\t<a href=\"https:\/\/old.brilions.com\/tr\/yacht-type\/gulet-tr\/\">\r\n\t\t\t\t\t\t\t\t\t<div class=\"location-fig-caption\">\r\n\t\t\t\t\t\t\t\t\t\t<h3 class=\"heading\">Guletler<\/h3>\r\n\r\n\t\t\t\t\t\t\t\t\t\t<p class=\"sub-heading\">\r\n\t\t\t\t\t\t\t\t\t\t\t62\t\t\t\t\t\t\t\t\t\t\tSe\u00e7enek\t\t\t\t\t\t\t\t\t\t<\/p>\r\n\t\t\t\t\t\t\t\t\t<\/div>\r\n\t\t\t\t\t\t\t\t<\/a>\r\n\t\t\t\t\t\t\t<\/div>\r\n\t\t\t\t\t\t<\/div>\r\n\t\t\t\t\t\t\t\t\t\t\t\t<div class=\"col-sm-4\">\r\n\t\t\t\t\t\t\t<div class=\"location-block\" style=\"background-image: url(https:\/\/brilions.com\/wp-content\/uploads\/2020\/06\/parus.jpg);\">\r\n\t\t\t\t\t\t\t\t<a href=\"https:\/\/old.brilions.com\/tr\/yacht-type\/sailing-yacht-tr\/\">\r\n\t\t\t\t\t\t\t\t\t<div class=\"location-fig-caption\">\r\n\t\t\t\t\t\t\t\t\t\t<h3 class=\"heading\">Yelkenli yatlar<\/h3>\r\n\r\n\t\t\t\t\t\t\t\t\t\t<p class=\"sub-heading\">\r\n\t\t\t\t\t\t\t\t\t\t\t34\t\t\t\t\t\t\t\t\t\t\tSe\u00e7enek\t\t\t\t\t\t\t\t\t\t<\/p>\r\n\t\t\t\t\t\t\t\t\t<\/div>\r\n\t\t\t\t\t\t\t\t<\/a>\r\n\t\t\t\t\t\t\t<\/div>\r\n\t\t\t\t\t\t<\/div>\r\n\t\t\t\t\t\t\t\t\t\t\t\t<div class=\"col-sm-4\">\r\n\t\t\t\t\t\t\t<div class=\"location-block\" style=\"background-image: url(https:\/\/brilions.com\/wp-content\/uploads\/2020\/06\/b991fa5c-48f9-4a84-aefc-b2e9a324a518.jpg);\">\r\n\t\t\t\t\t\t\t\t<a href=\"https:\/\/old.brilions.com\/tr\/yacht-type\/katamaran-tr\/\">\r\n\t\t\t\t\t\t\t\t\t<div class=\"location-fig-caption\">\r\n\t\t\t\t\t\t\t\t\t\t<h3 class=\"heading\">Katamaranlar<\/h3>\r\n\r\n\t\t\t\t\t\t\t\t\t\t<p class=\"sub-heading\">\r\n\t\t\t\t\t\t\t\t\t\t\t16\t\t\t\t\t\t\t\t\t\t\tSe\u00e7enek\t\t\t\t\t\t\t\t\t\t<\/p>\r\n\t\t\t\t\t\t\t\t\t<\/div>\r\n\t\t\t\t\t\t\t\t<\/a>\r\n\t\t\t\t\t\t\t<\/div>\r\n\t\t\t\t\t\t<\/div>\r\n\t\t\t\t\t\t\t\t\t\t\t\t<div class=\"col-sm-4\">\r\n\t\t\t\t\t\t\t<div class=\"location-block\" style=\"background-image: url(https:\/\/brilions.com\/wp-content\/uploads\/2021\/02\/big-1.jpg);\">\r\n\t\t\t\t\t\t\t\t<a href=\"https:\/\/old.brilions.com\/tr\/yacht-type\/big-yacht-en-tr\/\">\r\n\t\t\t\t\t\t\t\t\t<div class=\"location-fig-caption\">\r\n\t\t\t\t\t\t\t\t\t\t<h3 class=\"heading\">B\u00fcy\u00fck yatlar<\/h3>\r\n\r\n\t\t\t\t\t\t\t\t\t\t<p class=\"sub-heading\">\r\n\t\t\t\t\t\t\t\t\t\t\t3\t\t\t\t\t\t\t\t\t\t\tSe\u00e7enek\t\t\t\t\t\t\t\t\t\t<\/p>\r\n\t\t\t\t\t\t\t\t\t<\/div>\r\n\t\t\t\t\t\t\t\t<\/a>\r\n\t\t\t\t\t\t\t<\/div>\r\n\t\t\t\t\t\t<\/div>\r\n\t\t\t\t\t\t\t\t\t<\/div>\r\n\t\t<\/div>\r\n\t\t[\/vc_column][\/vc_row][vc_row][vc_column][vc_btn title=&#8221;YAT SAHIPLERININ DIKKATINE&#8221; color=&#8221;turquoise&#8221; align=&#8221;center&#8221; link=&#8221;url:https%3A%2F%2Fbrilions.com%2Ftr%2Fowners%2F&#8221;][\/vc_column][\/vc_row][vc_row][vc_column][\/vc_column][\/vc_row]<\/p>\n","protected":false},"excerpt":{"rendered":"<p>[vc_row][vc_column][\/vc_column][\/vc_row][vc_row][vc_column][\/vc_column][\/vc_row][vc_row][vc_column][\/vc_column][\/vc_row][vc_row][vc_column][vc_btn title=&#8221;YAT SAHIPLERININ DIKKATINE&#8221; color=&#8221;turquoise&#8221; align=&#8221;center&#8221; link=&#8221;url:https%3A%2F%2Fbrilions.com%2Ftr%2Fowners%2F&#8221;][\/vc_column][\/vc_row][vc_row][vc_column][\/vc_column][\/vc_row]<\/p>\n","protected":false},"author":1,"featured_media":0,"parent":0,"menu_order":71,"comment_status":"closed","ping_status":"closed","template":"template\/template-homepage.php","meta":[],"yoast_head":"<!-- This site is optimized with the Yoast SEO plugin v20.7 - https:\/\/yoast.com\/wordpress\/plugins\/seo\/ -->\n<title>T\u00fcrkiye&#039;de yat kiralama<\/title>\n<meta name=\"description\" content=\"T\u00fcrkiye\u2019de deniz seyahati yapmak i\u00e7in Brilions firmas\u0131ndan yelkenli ve motorlu yatlar, katamaranlar kiralama. Charter i\u00e7in yatlar kiralama: g\u00fcnl\u00fck ve haftal\u0131k turlar. Bireysel turlar\u0131 planlama.\" \/>\n<meta name=\"robots\" content=\"noindex, follow, max-snippet:-1, max-image-preview:large, max-video-preview:-1\" \/>\n<meta property=\"og:locale\" content=\"tr_TR\" \/>\n<meta property=\"og:type\" content=\"article\" \/>\n<meta property=\"og:title\" content=\"T\u00fcrkiye&#039;de yat kiralama\" \/>\n<meta property=\"og:description\" content=\"T\u00fcrkiye\u2019de deniz seyahati yapmak i\u00e7in Brilions firmas\u0131ndan yelkenli ve motorlu yatlar, katamaranlar kiralama. Charter i\u00e7in yatlar kiralama: g\u00fcnl\u00fck ve haftal\u0131k turlar. Bireysel turlar\u0131 planlama.\" \/>\n<meta property=\"og:url\" content=\"https:\/\/old.brilions.com\/tr\/\" \/>\n<meta property=\"og:site_name\" content=\"Brilions\" \/>\n<meta property=\"article:modified_time\" content=\"2023-03-01T17:31:15+00:00\" \/>\n<meta name=\"twitter:card\" content=\"summary_large_image\" \/>\n<meta name=\"twitter:label1\" content=\"Tahmini okuma s\u00fcresi\" \/>\n\t<meta name=\"twitter:data1\" content=\"1 dakika\" \/>\n<script type=\"application\/ld+json\" class=\"yoast-schema-graph\">{\"@context\":\"https:\/\/schema.org\",\"@graph\":[{\"@type\":\"WebPage\",\"@id\":\"https:\/\/old.brilions.com\/tr\/\",\"url\":\"https:\/\/old.brilions.com\/tr\/\",\"name\":\"T\u00fcrkiye'de yat kiralama\",\"isPartOf\":{\"@id\":\"https:\/\/old.brilions.com\/#website\"},\"datePublished\":\"2016-04-27T16:33:36+00:00\",\"dateModified\":\"2023-03-01T17:31:15+00:00\",\"description\":\"T\u00fcrkiye\u2019de deniz seyahati yapmak i\u00e7in Brilions firmas\u0131ndan yelkenli ve motorlu yatlar, katamaranlar kiralama. Charter i\u00e7in yatlar kiralama: g\u00fcnl\u00fck ve haftal\u0131k turlar. Bireysel turlar\u0131 planlama.\",\"breadcrumb\":{\"@id\":\"https:\/\/old.brilions.com\/tr\/#breadcrumb\"},\"inLanguage\":\"tr\",\"potentialAction\":[{\"@type\":\"ReadAction\",\"target\":[\"https:\/\/old.brilions.com\/tr\/\"]}]},{\"@type\":\"BreadcrumbList\",\"@id\":\"https:\/\/old.brilions.com\/tr\/#breadcrumb\",\"itemListElement\":[{\"@type\":\"ListItem\",\"position\":1,\"name\":\"\u0413\u043b\u0430\u0432\u043d\u0430\u044f \u0441\u0442\u0440\u0430\u043d\u0438\u0446\u0430\",\"item\":\"https:\/\/old.brilions.com\/tr\/\"},{\"@type\":\"ListItem\",\"position\":2,\"name\":\"Brilions\"}]},{\"@type\":\"WebSite\",\"@id\":\"https:\/\/old.brilions.com\/#website\",\"url\":\"https:\/\/old.brilions.com\/\",\"name\":\"Brilions\",\"description\":\"Turkiye\u2019de yat kiralama\",\"potentialAction\":[{\"@type\":\"SearchAction\",\"target\":{\"@type\":\"EntryPoint\",\"urlTemplate\":\"https:\/\/old.brilions.com\/?s={search_term_string}\"},\"query-input\":\"required name=search_term_string\"}],\"inLanguage\":\"tr\"}]}<\/script>\n<!-- \/ Yoast SEO plugin. -->","yoast_head_json":{"title":"T\u00fcrkiye'de yat kiralama","description":"T\u00fcrkiye\u2019de deniz seyahati yapmak i\u00e7in Brilions firmas\u0131ndan yelkenli ve motorlu yatlar, katamaranlar kiralama. Charter i\u00e7in yatlar kiralama: g\u00fcnl\u00fck ve haftal\u0131k turlar. Bireysel turlar\u0131 planlama.","robots":{"index":"noindex","follow":"follow","max-snippet":"max-snippet:-1","max-image-preview":"max-image-preview:large","max-video-preview":"max-video-preview:-1"},"og_locale":"tr_TR","og_type":"article","og_title":"T\u00fcrkiye'de yat kiralama","og_description":"T\u00fcrkiye\u2019de deniz seyahati yapmak i\u00e7in Brilions firmas\u0131ndan yelkenli ve motorlu yatlar, katamaranlar kiralama. Charter i\u00e7in yatlar kiralama: g\u00fcnl\u00fck ve haftal\u0131k turlar. Bireysel turlar\u0131 planlama.","og_url":"https:\/\/old.brilions.com\/tr\/","og_site_name":"Brilions","article_modified_time":"2023-03-01T17:31:15+00:00","twitter_card":"summary_large_image","twitter_misc":{"Tahmini okuma s\u00fcresi":"1 dakika"},"schema":{"@context":"https:\/\/schema.org","@graph":[{"@type":"WebPage","@id":"https:\/\/old.brilions.com\/tr\/","url":"https:\/\/old.brilions.com\/tr\/","name":"T\u00fcrkiye'de yat kiralama","isPartOf":{"@id":"https:\/\/old.brilions.com\/#website"},"datePublished":"2016-04-27T16:33:36+00:00","dateModified":"2023-03-01T17:31:15+00:00","description":"T\u00fcrkiye\u2019de deniz seyahati yapmak i\u00e7in Brilions firmas\u0131ndan yelkenli ve motorlu yatlar, katamaranlar kiralama. Charter i\u00e7in yatlar kiralama: g\u00fcnl\u00fck ve haftal\u0131k turlar. Bireysel turlar\u0131 planlama.","breadcrumb":{"@id":"https:\/\/old.brilions.com\/tr\/#breadcrumb"},"inLanguage":"tr","potentialAction":[{"@type":"ReadAction","target":["https:\/\/old.brilions.com\/tr\/"]}]},{"@type":"BreadcrumbList","@id":"https:\/\/old.brilions.com\/tr\/#breadcrumb","itemListElement":[{"@type":"ListItem","position":1,"name":"\u0413\u043b\u0430\u0432\u043d\u0430\u044f \u0441\u0442\u0440\u0430\u043d\u0438\u0446\u0430","item":"https:\/\/old.brilions.com\/tr\/"},{"@type":"ListItem","position":2,"name":"Brilions"}]},{"@type":"WebSite","@id":"https:\/\/old.brilions.com\/#website","url":"https:\/\/old.brilions.com\/","name":"Brilions","description":"Turkiye\u2019de yat kiralama","potentialAction":[{"@type":"SearchAction","target":{"@type":"EntryPoint","urlTemplate":"https:\/\/old.brilions.com\/?s={search_term_string}"},"query-input":"required name=search_term_string"}],"inLanguage":"tr"}]}},"_links":{"self":[{"href":"https:\/\/old.brilions.com\/tr\/wp-json\/wp\/v2\/pages\/67116"}],"collection":[{"href":"https:\/\/old.brilions.com\/tr\/wp-json\/wp\/v2\/pages"}],"about":[{"href":"https:\/\/old.brilions.com\/tr\/wp-json\/wp\/v2\/types\/page"}],"author":[{"embeddable":true,"href":"https:\/\/old.brilions.com\/tr\/wp-json\/wp\/v2\/users\/1"}],"replies":[{"embeddable":true,"href":"https:\/\/old.brilions.com\/tr\/wp-json\/wp\/v2\/comments?post=67116"}],"version-history":[{"count":0,"href":"https:\/\/old.brilions.com\/tr\/wp-json\/wp\/v2\/pages\/67116\/revisions"}],"wp:attachment":[{"href":"https:\/\/old.brilions.com\/tr\/wp-json\/wp\/v2\/media?parent=67116"}],"curies":[{"name":"wp","href":"https:\/\/api.w.org\/{rel}","templated":true}]}}