{"id":66788,"date":"2022-05-27T13:35:59","date_gmt":"2022-05-27T11:35:59","guid":{"rendered":"https:\/\/old.brilions.com\/?page_id=66788"},"modified":"2023-02-09T16:56:42","modified_gmt":"2023-02-09T15:56:42","slug":"bodrum-da-yelkenli-yat-kiralama","status":"publish","type":"page","link":"https:\/\/old.brilions.com\/tr\/bodrum-da-yelkenli-yat-kiralama\/","title":{"rendered":"Bodrum\u2019da yelkenli yat kiralama"},"content":{"rendered":"<p>[vc_row][vc_column]\t\t<div id=\"properties_module_section\" class=\"houzez-module property-item-module\">\r\n\t\t\t<div id=\"properties_module_container\">\r\n\t\t\t\t<div id=\"module_properties\" class=\"property-listing grid-view grid-view-3-col\">\r\n\r\n\t\t\t\t\t\n<div id=\"ID-64180\" class=\"item-wrap infobox_trigger  item-gulet-diamond-lila-8211-feth-ye\">\n    <div class=\"property-item table-list\">\n        <div class=\"table-cell\">\n            <div class=\"figure-block\">\n                <figure class=\"item-thumb\">\n\n                    \n                    <div class=\"label-wrap label-right hide-on-list\"> \n                        <span class=\"label-status label-status-315 label label-default\"><a href=\"https:\/\/old.brilions.com\/tr\/status\/day-tr\/\">G\u00fcn\u00fcbirlik turlar<\/a><\/span>                    <\/div>\n\n                    <div class=\"price hide-on-list\"><span class=\"item-price item-price-text\"><\/span><\/div>\n                    <a class=\"hover-effect\" href=\"https:\/\/old.brilions.com\/tr\/yacht\/kemer-diamond\/\">\n                        <img width=\"385\" height=\"258\" src=\"https:\/\/old.brilions.com\/wp-content\/uploads\/2022\/07\/photo-2022-06-14-11-23-231-1-385x258.jpg\" class=\"attachment-houzez-property-thumb-image size-houzez-property-thumb-image wp-post-image\" alt=\"GULET DIAMOND LILA - FETH\u0130YE\" decoding=\"async\" loading=\"lazy\" srcset=\"https:\/\/old.brilions.com\/wp-content\/uploads\/2022\/07\/photo-2022-06-14-11-23-231-1-385x258.jpg 385w, https:\/\/old.brilions.com\/wp-content\/uploads\/2022\/07\/photo-2022-06-14-11-23-231-1-300x200.jpg 300w, https:\/\/old.brilions.com\/wp-content\/uploads\/2022\/07\/photo-2022-06-14-11-23-231-1-768x512.jpg 768w, https:\/\/old.brilions.com\/wp-content\/uploads\/2022\/07\/photo-2022-06-14-11-23-231-1-150x100.jpg 150w, https:\/\/old.brilions.com\/wp-content\/uploads\/2022\/07\/photo-2022-06-14-11-23-231-1-720x480.jpg 720w, https:\/\/old.brilions.com\/wp-content\/uploads\/2022\/07\/photo-2022-06-14-11-23-231-1.jpg 900w\" sizes=\"(max-width: 385px) 100vw, 385px\" title=\"GULET DIAMOND LILA - FETH\u0130YE\" \/>                    <\/a>\n                    <ul class=\"actions\">\n\n        <li>\n\n        <span class=\"add_fav\" data-placement=\"top\" data-toggle=\"tooltip\" data-original-title=\"Favori\" data-propid=\"64180\"><i class=\"fa fa-heart-o\"><\/i><\/span>\n    <\/li>\n    \n        \n    \n        <li>\n        <span id=\"compare-link-64180\" class=\"compare-property\" data-propid=\"64180\" data-toggle=\"tooltip\" data-placement=\"top\" title=\"Kar\u015f\u0131la\u015ft\u0131rmak\">\n            <i class=\"fa fa-plus\"><\/i>\n        <\/span>\n    <\/li>\n    <\/ul>\n                <\/figure>\n            <\/div>\n        <\/div>\n        <div class=\"item-body table-cell\">\n\n            <div class=\"body-left table-cell\">\n                <div class=\"info-row\">\n                    <div class=\"label-wrap hide-on-grid\">\n                        <span class=\"label-status label-status-315 label label-default\"><a href=\"https:\/\/old.brilions.com\/tr\/status\/day-tr\/\">G\u00fcn\u00fcbirlik turlar<\/a><\/span>                    <\/div>\n                    <h2 class=\"property-title\"><a href=\"https:\/\/old.brilions.com\/tr\/yacht\/kemer-diamond\/\">GULET DIAMOND LILA &#8211; FETH\u0130YE<\/a><\/h2>                <\/div>\n                <div class=\"info-row amenities hide-on-grid\">\n                    <p><span class=\"h-beds\">Kamara: 3<\/span><span class=\"h-area\">m: 18<\/span><\/p>                    <p>Motorlu yatlar<\/p>\n                <\/div>\n\n                                <div class=\"info-row date hide-on-grid\">\n                                            <p class=\"prop-user-agent\"><i class=\"fa fa-user\"><\/i> <a href=\"https:\/\/old.brilions.com\/tr\/author\/asia\/\">Asia<\/a> <\/p>\n                                                                <p><i class=\"fa fa-calendar\"><\/i>4 sene \u00f6nce<\/p>\n                                    <\/div>\n                \n            <\/div>\n            <div class=\"body-right table-cell hidden-gird-cell\">\n\n                <div class=\"info-row price\"><span class=\"item-price item-price-text\"><\/span><\/div>\n\n                <div class=\"info-row phone text-right\">\n                    <a href=\"https:\/\/old.brilions.com\/tr\/yacht\/kemer-diamond\/\" class=\"btn btn-primary\">ayr\u0131nt\u0131lar <i class=\"fa fa-angle-right fa-right\"><\/i><\/a>\n                <\/div>\n            <\/div>\n\n            <div class=\"table-list full-width hide-on-list\">\n                <div class=\"cell\">\n                    <div class=\"info-row amenities\">\n                        <p><span class=\"h-beds\">Kamara: 3<\/span><span class=\"h-area\">m: 18<\/span><\/p>                        <p>Motorlu yatlar<\/p>\n\n                    <\/div>\n                <\/div>\n                <div class=\"cell\">\n                    <div class=\"phone\">\n                        <a href=\"https:\/\/old.brilions.com\/tr\/yacht\/kemer-diamond\/\" class=\"btn btn-primary\"> ayr\u0131nt\u0131lar <i class=\"fa fa-angle-right fa-right\"><\/i><\/a>\n                    <\/div>\n                <\/div>\n            <\/div>\n        <\/div>\n    <\/div>\n\n            <div class=\"item-foot date hide-on-list\">\n                            <div class=\"item-foot-left\">\n                                            <p class=\"prop-user-agent\"><i class=\"fa fa-user\"><\/i> <a href=\"https:\/\/old.brilions.com\/tr\/author\/asia\/\">Asia<\/a> <\/p>\n                                    <\/div>\n            \n                            <div class=\"item-foot-right\">\n                    <p class=\"prop-date\"><i class=\"fa fa-calendar\"><\/i>4 sene \u00f6nce<\/p>\n                <\/div>\n                    <\/div>\n    \n<\/div>\n<div id=\"ID-64921\" class=\"item-wrap infobox_trigger  item-yat-harem-maldiv-8211-alanya-side\">\n    <div class=\"property-item table-list\">\n        <div class=\"table-cell\">\n            <div class=\"figure-block\">\n                <figure class=\"item-thumb\">\n\n                    \n                    <div class=\"label-wrap label-right hide-on-list\"> \n                        <span class=\"label-status label-status-315 label label-default\"><a href=\"https:\/\/old.brilions.com\/tr\/status\/day-tr\/\">G\u00fcn\u00fcbirlik turlar<\/a><\/span>                    <\/div>\n\n                    <div class=\"price hide-on-list\"><span class=\"item-price item-price-text\"><\/span><\/div>\n                    <a class=\"hover-effect\" href=\"https:\/\/old.brilions.com\/tr\/yacht\/alanya-side-harem-maldiv\/\">\n                        <img width=\"385\" height=\"258\" src=\"https:\/\/old.brilions.com\/wp-content\/uploads\/2022\/07\/photo-2022-06-10-16-26-12-1-385x258.jpg\" class=\"attachment-houzez-property-thumb-image size-houzez-property-thumb-image wp-post-image\" alt=\"YAT HAREM MALDIV - ALANYA (SIDE)\" decoding=\"async\" loading=\"lazy\" srcset=\"https:\/\/old.brilions.com\/wp-content\/uploads\/2022\/07\/photo-2022-06-10-16-26-12-1-385x258.jpg 385w, https:\/\/old.brilions.com\/wp-content\/uploads\/2022\/07\/photo-2022-06-10-16-26-12-1-300x200.jpg 300w, https:\/\/old.brilions.com\/wp-content\/uploads\/2022\/07\/photo-2022-06-10-16-26-12-1-768x512.jpg 768w, https:\/\/old.brilions.com\/wp-content\/uploads\/2022\/07\/photo-2022-06-10-16-26-12-1-150x100.jpg 150w, https:\/\/old.brilions.com\/wp-content\/uploads\/2022\/07\/photo-2022-06-10-16-26-12-1-720x480.jpg 720w, https:\/\/old.brilions.com\/wp-content\/uploads\/2022\/07\/photo-2022-06-10-16-26-12-1.jpg 900w\" sizes=\"(max-width: 385px) 100vw, 385px\" title=\"YAT HAREM MALDIV - ALANYA (SIDE)\" \/>                    <\/a>\n                    <ul class=\"actions\">\n\n        <li>\n\n        <span class=\"add_fav\" data-placement=\"top\" data-toggle=\"tooltip\" data-original-title=\"Favori\" data-propid=\"64921\"><i class=\"fa fa-heart-o\"><\/i><\/span>\n    <\/li>\n    \n        \n    \n        <li>\n        <span id=\"compare-link-64921\" class=\"compare-property\" data-propid=\"64921\" data-toggle=\"tooltip\" data-placement=\"top\" title=\"Kar\u015f\u0131la\u015ft\u0131rmak\">\n            <i class=\"fa fa-plus\"><\/i>\n        <\/span>\n    <\/li>\n    <\/ul>\n                <\/figure>\n            <\/div>\n        <\/div>\n        <div class=\"item-body table-cell\">\n\n            <div class=\"body-left table-cell\">\n                <div class=\"info-row\">\n                    <div class=\"label-wrap hide-on-grid\">\n                        <span class=\"label-status label-status-315 label label-default\"><a href=\"https:\/\/old.brilions.com\/tr\/status\/day-tr\/\">G\u00fcn\u00fcbirlik turlar<\/a><\/span>                    <\/div>\n                    <h2 class=\"property-title\"><a href=\"https:\/\/old.brilions.com\/tr\/yacht\/alanya-side-harem-maldiv\/\">YAT HAREM MALDIV &#8211; ALANYA (SIDE)<\/a><\/h2>                <\/div>\n                <div class=\"info-row amenities hide-on-grid\">\n                                        <p>B\u00fcy\u00fck yatlar<\/p>\n                <\/div>\n\n                                <div class=\"info-row date hide-on-grid\">\n                                            <p class=\"prop-user-agent\"><i class=\"fa fa-user\"><\/i> <a href=\"https:\/\/old.brilions.com\/tr\/author\/asia\/\">Asia<\/a> <\/p>\n                                                                <p><i class=\"fa fa-calendar\"><\/i>4 sene \u00f6nce<\/p>\n                                    <\/div>\n                \n            <\/div>\n            <div class=\"body-right table-cell hidden-gird-cell\">\n\n                <div class=\"info-row price\"><span class=\"item-price item-price-text\"><\/span><\/div>\n\n                <div class=\"info-row phone text-right\">\n                    <a href=\"https:\/\/old.brilions.com\/tr\/yacht\/alanya-side-harem-maldiv\/\" class=\"btn btn-primary\">ayr\u0131nt\u0131lar <i class=\"fa fa-angle-right fa-right\"><\/i><\/a>\n                <\/div>\n            <\/div>\n\n            <div class=\"table-list full-width hide-on-list\">\n                <div class=\"cell\">\n                    <div class=\"info-row amenities\">\n                                                <p>B\u00fcy\u00fck yatlar<\/p>\n\n                    <\/div>\n                <\/div>\n                <div class=\"cell\">\n                    <div class=\"phone\">\n                        <a href=\"https:\/\/old.brilions.com\/tr\/yacht\/alanya-side-harem-maldiv\/\" class=\"btn btn-primary\"> ayr\u0131nt\u0131lar <i class=\"fa fa-angle-right fa-right\"><\/i><\/a>\n                    <\/div>\n                <\/div>\n            <\/div>\n        <\/div>\n    <\/div>\n\n            <div class=\"item-foot date hide-on-list\">\n                            <div class=\"item-foot-left\">\n                                            <p class=\"prop-user-agent\"><i class=\"fa fa-user\"><\/i> <a href=\"https:\/\/old.brilions.com\/tr\/author\/asia\/\">Asia<\/a> <\/p>\n                                    <\/div>\n            \n                            <div class=\"item-foot-right\">\n                    <p class=\"prop-date\"><i class=\"fa fa-calendar\"><\/i>4 sene \u00f6nce<\/p>\n                <\/div>\n                    <\/div>\n    \n<\/div>\n<div id=\"ID-65158\" class=\"item-wrap infobox_trigger  item-naut-ca-yat-8211-antalya\">\n    <div class=\"property-item table-list\">\n        <div class=\"table-cell\">\n            <div class=\"figure-block\">\n                <figure class=\"item-thumb\">\n\n                    \n                    <div class=\"label-wrap label-right hide-on-list\"> \n                        <span class=\"label-status label-status-315 label label-default\"><a href=\"https:\/\/old.brilions.com\/tr\/status\/day-tr\/\">G\u00fcn\u00fcbirlik turlar<\/a><\/span>                    <\/div>\n\n                    <div class=\"price hide-on-list\"><span class=\"item-price item-price-text\"><\/span><\/div>\n                    <a class=\"hover-effect\" href=\"https:\/\/old.brilions.com\/tr\/yacht\/antalya-nautica\/\">\n                        <img width=\"385\" height=\"258\" src=\"https:\/\/old.brilions.com\/wp-content\/uploads\/2022\/06\/photo-2021-07-13-10-38-08-385x258.jpg\" class=\"attachment-houzez-property-thumb-image size-houzez-property-thumb-image wp-post-image\" alt=\"NAUT\u0130CA YAT - ANTALYA\" decoding=\"async\" loading=\"lazy\" srcset=\"https:\/\/old.brilions.com\/wp-content\/uploads\/2022\/06\/photo-2021-07-13-10-38-08-385x258.jpg 385w, https:\/\/old.brilions.com\/wp-content\/uploads\/2022\/06\/photo-2021-07-13-10-38-08-300x200.jpg 300w, https:\/\/old.brilions.com\/wp-content\/uploads\/2022\/06\/photo-2021-07-13-10-38-08-768x512.jpg 768w, https:\/\/old.brilions.com\/wp-content\/uploads\/2022\/06\/photo-2021-07-13-10-38-08-150x100.jpg 150w, https:\/\/old.brilions.com\/wp-content\/uploads\/2022\/06\/photo-2021-07-13-10-38-08-720x480.jpg 720w, https:\/\/old.brilions.com\/wp-content\/uploads\/2022\/06\/photo-2021-07-13-10-38-08.jpg 900w\" sizes=\"(max-width: 385px) 100vw, 385px\" title=\"NAUT\u0130CA YAT - ANTALYA\" \/>                    <\/a>\n                    <ul class=\"actions\">\n\n        <li>\n\n        <span class=\"add_fav\" data-placement=\"top\" data-toggle=\"tooltip\" data-original-title=\"Favori\" data-propid=\"65158\"><i class=\"fa fa-heart-o\"><\/i><\/span>\n    <\/li>\n    \n        \n    \n        <li>\n        <span id=\"compare-link-65158\" class=\"compare-property\" data-propid=\"65158\" data-toggle=\"tooltip\" data-placement=\"top\" title=\"Kar\u015f\u0131la\u015ft\u0131rmak\">\n            <i class=\"fa fa-plus\"><\/i>\n        <\/span>\n    <\/li>\n    <\/ul>\n                <\/figure>\n            <\/div>\n        <\/div>\n        <div class=\"item-body table-cell\">\n\n            <div class=\"body-left table-cell\">\n                <div class=\"info-row\">\n                    <div class=\"label-wrap hide-on-grid\">\n                        <span class=\"label-status label-status-315 label label-default\"><a href=\"https:\/\/old.brilions.com\/tr\/status\/day-tr\/\">G\u00fcn\u00fcbirlik turlar<\/a><\/span>                    <\/div>\n                    <h2 class=\"property-title\"><a href=\"https:\/\/old.brilions.com\/tr\/yacht\/antalya-nautica\/\">NAUT\u0130CA YAT &#8211; ANTALYA<\/a><\/h2>                <\/div>\n                <div class=\"info-row amenities hide-on-grid\">\n                    <p><span class=\"h-beds\">Kamara: 2<\/span><span class=\"h-baths\">WC: 1<\/span><span class=\"h-area\">m: 17<\/span><\/p>                    <p>Motorlu yatlar<\/p>\n                <\/div>\n\n                                <div class=\"info-row date hide-on-grid\">\n                                            <p class=\"prop-user-agent\"><i class=\"fa fa-user\"><\/i> <a href=\"https:\/\/old.brilions.com\/tr\/author\/asia\/\">Asia<\/a> <\/p>\n                                                                <p><i class=\"fa fa-calendar\"><\/i>4 sene \u00f6nce<\/p>\n                                    <\/div>\n                \n            <\/div>\n            <div class=\"body-right table-cell hidden-gird-cell\">\n\n                <div class=\"info-row price\"><span class=\"item-price item-price-text\"><\/span><\/div>\n\n                <div class=\"info-row phone text-right\">\n                    <a href=\"https:\/\/old.brilions.com\/tr\/yacht\/antalya-nautica\/\" class=\"btn btn-primary\">ayr\u0131nt\u0131lar <i class=\"fa fa-angle-right fa-right\"><\/i><\/a>\n                <\/div>\n            <\/div>\n\n            <div class=\"table-list full-width hide-on-list\">\n                <div class=\"cell\">\n                    <div class=\"info-row amenities\">\n                        <p><span class=\"h-beds\">Kamara: 2<\/span><span class=\"h-baths\">WC: 1<\/span><span class=\"h-area\">m: 17<\/span><\/p>                        <p>Motorlu yatlar<\/p>\n\n                    <\/div>\n                <\/div>\n                <div class=\"cell\">\n                    <div class=\"phone\">\n                        <a href=\"https:\/\/old.brilions.com\/tr\/yacht\/antalya-nautica\/\" class=\"btn btn-primary\"> ayr\u0131nt\u0131lar <i class=\"fa fa-angle-right fa-right\"><\/i><\/a>\n                    <\/div>\n                <\/div>\n            <\/div>\n        <\/div>\n    <\/div>\n\n            <div class=\"item-foot date hide-on-list\">\n                            <div class=\"item-foot-left\">\n                                            <p class=\"prop-user-agent\"><i class=\"fa fa-user\"><\/i> <a href=\"https:\/\/old.brilions.com\/tr\/author\/asia\/\">Asia<\/a> <\/p>\n                                    <\/div>\n            \n                            <div class=\"item-foot-right\">\n                    <p class=\"prop-date\"><i class=\"fa fa-calendar\"><\/i>4 sene \u00f6nce<\/p>\n                <\/div>\n                    <\/div>\n    \n<\/div>\r\n\t\t\t\t<\/div>\r\n\t\t\t\t<!-- end container-content -->\r\n\t\t\t<\/div>\r\n\t\t\t<div class=\"clearfix\"><\/div>\r\n\t\t\t<div id=\"fave-pagination-loadmore\" class=\"pagination-wrap fave-load-more\">\r\n                <div class=\"pagination\">\r\n                    <a \r\n                    data-paged=\"2\" \r\n                    data-prop-limit=\"3\" \r\n                    data-grid-style=\"v_1\" \r\n                    data-type=\"\" \r\n                    data-status=\"\" \r\n                    data-state=\"\" \r\n                    data-city=\"\" \r\n                    data-area=\"\" \r\n                    data-label=\"\" \r\n                    data-user-role=\"\" \r\n                    data-featured-prop=\"\" \r\n                    data-offset=\"\"\r\n                    data-sortby=\"\"\r\n                    href=\"#\">\r\n                    \tDaha fazla y\u00fckle\t\t\r\n                    <\/a>               \r\n                <\/div>\r\n            <\/div>\r\n\t\t<\/div>\r\n\r\n\t\t[\/vc_column][\/vc_row]<\/p>\n","protected":false},"excerpt":{"rendered":"<p>[vc_row][vc_column][\/vc_column][\/vc_row]<\/p>\n","protected":false},"author":1,"featured_media":0,"parent":0,"menu_order":163,"comment_status":"closed","ping_status":"closed","template":"template\/property-listing-fullwidth.php","meta":[],"yoast_head":"<!-- This site is optimized with the Yoast SEO plugin v20.7 - https:\/\/yoast.com\/wordpress\/plugins\/seo\/ -->\n<title>Bodrum\u2019da yelkenli yat kiralama - Brilions<\/title>\n<meta name=\"robots\" content=\"noindex, follow, max-snippet:-1, max-image-preview:large, max-video-preview:-1\" \/>\n<meta property=\"og:locale\" content=\"tr_TR\" \/>\n<meta property=\"og:type\" content=\"article\" \/>\n<meta property=\"og:title\" content=\"Bodrum\u2019da yelkenli yat kiralama - Brilions\" \/>\n<meta property=\"og:description\" content=\"[vc_row][vc_column][\/vc_column][\/vc_row]\" \/>\n<meta property=\"og:url\" content=\"https:\/\/old.brilions.com\/tr\/bodrum-da-yelkenli-yat-kiralama\/\" \/>\n<meta property=\"og:site_name\" content=\"Brilions\" \/>\n<meta property=\"article:modified_time\" content=\"2023-02-09T15:56:42+00:00\" \/>\n<meta name=\"twitter:card\" content=\"summary_large_image\" \/>\n<meta name=\"twitter:label1\" content=\"Tahmini okuma s\u00fcresi\" \/>\n\t<meta name=\"twitter:data1\" content=\"1 dakika\" \/>\n<script type=\"application\/ld+json\" class=\"yoast-schema-graph\">{\"@context\":\"https:\/\/schema.org\",\"@graph\":[{\"@type\":\"WebPage\",\"@id\":\"https:\/\/old.brilions.com\/tr\/bodrum-da-yelkenli-yat-kiralama\/\",\"url\":\"https:\/\/old.brilions.com\/tr\/bodrum-da-yelkenli-yat-kiralama\/\",\"name\":\"Bodrum\u2019da yelkenli yat kiralama - Brilions\",\"isPartOf\":{\"@id\":\"https:\/\/old.brilions.com\/#website\"},\"datePublished\":\"2022-05-27T11:35:59+00:00\",\"dateModified\":\"2023-02-09T15:56:42+00:00\",\"breadcrumb\":{\"@id\":\"https:\/\/old.brilions.com\/tr\/bodrum-da-yelkenli-yat-kiralama\/#breadcrumb\"},\"inLanguage\":\"tr\",\"potentialAction\":[{\"@type\":\"ReadAction\",\"target\":[\"https:\/\/old.brilions.com\/tr\/bodrum-da-yelkenli-yat-kiralama\/\"]}]},{\"@type\":\"BreadcrumbList\",\"@id\":\"https:\/\/old.brilions.com\/tr\/bodrum-da-yelkenli-yat-kiralama\/#breadcrumb\",\"itemListElement\":[{\"@type\":\"ListItem\",\"position\":1,\"name\":\"\u0413\u043b\u0430\u0432\u043d\u0430\u044f \u0441\u0442\u0440\u0430\u043d\u0438\u0446\u0430\",\"item\":\"https:\/\/old.brilions.com\/tr\/\"},{\"@type\":\"ListItem\",\"position\":2,\"name\":\"Bodrum\u2019da yelkenli yat kiralama\"}]},{\"@type\":\"WebSite\",\"@id\":\"https:\/\/old.brilions.com\/#website\",\"url\":\"https:\/\/old.brilions.com\/\",\"name\":\"Brilions\",\"description\":\"Turkiye\u2019de yat kiralama\",\"potentialAction\":[{\"@type\":\"SearchAction\",\"target\":{\"@type\":\"EntryPoint\",\"urlTemplate\":\"https:\/\/old.brilions.com\/?s={search_term_string}\"},\"query-input\":\"required name=search_term_string\"}],\"inLanguage\":\"tr\"}]}<\/script>\n<!-- \/ Yoast SEO plugin. -->","yoast_head_json":{"title":"Bodrum\u2019da yelkenli yat kiralama - Brilions","robots":{"index":"noindex","follow":"follow","max-snippet":"max-snippet:-1","max-image-preview":"max-image-preview:large","max-video-preview":"max-video-preview:-1"},"og_locale":"tr_TR","og_type":"article","og_title":"Bodrum\u2019da yelkenli yat kiralama - Brilions","og_description":"[vc_row][vc_column][\/vc_column][\/vc_row]","og_url":"https:\/\/old.brilions.com\/tr\/bodrum-da-yelkenli-yat-kiralama\/","og_site_name":"Brilions","article_modified_time":"2023-02-09T15:56:42+00:00","twitter_card":"summary_large_image","twitter_misc":{"Tahmini okuma s\u00fcresi":"1 dakika"},"schema":{"@context":"https:\/\/schema.org","@graph":[{"@type":"WebPage","@id":"https:\/\/old.brilions.com\/tr\/bodrum-da-yelkenli-yat-kiralama\/","url":"https:\/\/old.brilions.com\/tr\/bodrum-da-yelkenli-yat-kiralama\/","name":"Bodrum\u2019da yelkenli yat kiralama - Brilions","isPartOf":{"@id":"https:\/\/old.brilions.com\/#website"},"datePublished":"2022-05-27T11:35:59+00:00","dateModified":"2023-02-09T15:56:42+00:00","breadcrumb":{"@id":"https:\/\/old.brilions.com\/tr\/bodrum-da-yelkenli-yat-kiralama\/#breadcrumb"},"inLanguage":"tr","potentialAction":[{"@type":"ReadAction","target":["https:\/\/old.brilions.com\/tr\/bodrum-da-yelkenli-yat-kiralama\/"]}]},{"@type":"BreadcrumbList","@id":"https:\/\/old.brilions.com\/tr\/bodrum-da-yelkenli-yat-kiralama\/#breadcrumb","itemListElement":[{"@type":"ListItem","position":1,"name":"\u0413\u043b\u0430\u0432\u043d\u0430\u044f \u0441\u0442\u0440\u0430\u043d\u0438\u0446\u0430","item":"https:\/\/old.brilions.com\/tr\/"},{"@type":"ListItem","position":2,"name":"Bodrum\u2019da yelkenli yat kiralama"}]},{"@type":"WebSite","@id":"https:\/\/old.brilions.com\/#website","url":"https:\/\/old.brilions.com\/","name":"Brilions","description":"Turkiye\u2019de yat kiralama","potentialAction":[{"@type":"SearchAction","target":{"@type":"EntryPoint","urlTemplate":"https:\/\/old.brilions.com\/?s={search_term_string}"},"query-input":"required name=search_term_string"}],"inLanguage":"tr"}]}},"_links":{"self":[{"href":"https:\/\/old.brilions.com\/tr\/wp-json\/wp\/v2\/pages\/66788"}],"collection":[{"href":"https:\/\/old.brilions.com\/tr\/wp-json\/wp\/v2\/pages"}],"about":[{"href":"https:\/\/old.brilions.com\/tr\/wp-json\/wp\/v2\/types\/page"}],"author":[{"embeddable":true,"href":"https:\/\/old.brilions.com\/tr\/wp-json\/wp\/v2\/users\/1"}],"replies":[{"embeddable":true,"href":"https:\/\/old.brilions.com\/tr\/wp-json\/wp\/v2\/comments?post=66788"}],"version-history":[{"count":0,"href":"https:\/\/old.brilions.com\/tr\/wp-json\/wp\/v2\/pages\/66788\/revisions"}],"wp:attachment":[{"href":"https:\/\/old.brilions.com\/tr\/wp-json\/wp\/v2\/media?parent=66788"}],"curies":[{"name":"wp","href":"https:\/\/api.w.org\/{rel}","templated":true}]}}