{"id":30802,"date":"2021-03-12T20:09:26","date_gmt":"2021-03-12T19:09:26","guid":{"rendered":"https:\/\/antalyalux.com\/?page_id=30802"},"modified":"2023-02-13T09:56:51","modified_gmt":"2023-02-13T08:56:51","slug":"kas-katamaran","status":"publish","type":"page","link":"https:\/\/old.brilions.com\/tr\/kas-katamaran\/","title":{"rendered":"Ka\u015f\u2019ta katamaran kiralama"},"content":{"rendered":"<p>[vc_row][vc_column]\t\t<div id=\"properties_module_section\" class=\"houzez-module property-item-module\">\r\n\t\t\t<div id=\"properties_module_container\">\r\n\t\t\t\t<div id=\"module_properties\" class=\"property-listing grid-view grid-view-3-col\">\r\n\r\n\t\t\t\t\t<div class=\"item-wrap\"><h4 class=\"not-found\">\u00dczg\u00fcn\u00fcz Sonu\u00e7 Bulunamad\u0131<\/h4><\/div>\n\r\n\t\t\t\t<\/div>\r\n\t\t\t\t<!-- end container-content -->\r\n\t\t\t<\/div>\r\n\t\t\t<div class=\"clearfix\"><\/div>\r\n\t\t\t<div id=\"fave-pagination-loadmore\" class=\"pagination-wrap fave-load-more\">\r\n                <div class=\"pagination\">\r\n                    <a \r\n                    data-paged=\"2\" \r\n                    data-prop-limit=\"10\" \r\n                    data-grid-style=\"v_1\" \r\n                    data-type=\"\" \r\n                    data-status=\"\" \r\n                    data-state=\"\" \r\n                    data-city=\"kas-3\" \r\n                    data-area=\"\" \r\n                    data-label=\"\" \r\n                    data-user-role=\"\" \r\n                    data-featured-prop=\"\" \r\n                    data-offset=\"\"\r\n                    data-sortby=\"d_date\"\r\n                    href=\"#\">\r\n                    \tDaha fazla y\u00fckle\t\t\r\n                    <\/a>               \r\n                <\/div>\r\n            <\/div>\r\n\t\t<\/div>\r\n\r\n\t\t[\/vc_column][\/vc_row]<\/p>\n","protected":false},"excerpt":{"rendered":"<p>[vc_row][vc_column][\/vc_column][\/vc_row]<\/p>\n","protected":false},"author":1,"featured_media":0,"parent":0,"menu_order":220,"comment_status":"closed","ping_status":"closed","template":"template\/property-listing-fullwidth.php","meta":[],"yoast_head":"<!-- This site is optimized with the Yoast SEO plugin v20.7 - https:\/\/yoast.com\/wordpress\/plugins\/seo\/ -->\n<title>Ka\u015f\u2019ta katamaran kiralama - Brilions<\/title>\n<meta name=\"description\" content=\"Ka\u015f\u2019ta katamaran kiralama. Yat Kiralama: G\u00fcnl\u00fck ve haftal\u0131k turlar. Bireysel rotan\u0131n haz\u0131rlanmas\u0131.\" \/>\n<meta name=\"robots\" content=\"noindex, follow, max-snippet:-1, max-image-preview:large, max-video-preview:-1\" \/>\n<meta property=\"og:locale\" content=\"tr_TR\" \/>\n<meta property=\"og:type\" content=\"article\" \/>\n<meta property=\"og:title\" content=\"Ka\u015f\u2019ta katamaran kiralama - Brilions\" \/>\n<meta property=\"og:description\" content=\"Ka\u015f\u2019ta katamaran kiralama. Yat Kiralama: G\u00fcnl\u00fck ve haftal\u0131k turlar. Bireysel rotan\u0131n haz\u0131rlanmas\u0131.\" \/>\n<meta property=\"og:url\" content=\"https:\/\/old.brilions.com\/tr\/kas-katamaran\/\" \/>\n<meta property=\"og:site_name\" content=\"Brilions\" \/>\n<meta property=\"article:modified_time\" content=\"2023-02-13T08:56:51+00:00\" \/>\n<meta name=\"twitter:card\" content=\"summary_large_image\" \/>\n<meta name=\"twitter:label1\" content=\"Tahmini okuma s\u00fcresi\" \/>\n\t<meta name=\"twitter:data1\" content=\"1 dakika\" \/>\n<script type=\"application\/ld+json\" class=\"yoast-schema-graph\">{\"@context\":\"https:\/\/schema.org\",\"@graph\":[{\"@type\":\"WebPage\",\"@id\":\"https:\/\/old.brilions.com\/tr\/kas-katamaran\/\",\"url\":\"https:\/\/old.brilions.com\/tr\/kas-katamaran\/\",\"name\":\"Ka\u015f\u2019ta katamaran kiralama - Brilions\",\"isPartOf\":{\"@id\":\"https:\/\/old.brilions.com\/#website\"},\"datePublished\":\"2021-03-12T19:09:26+00:00\",\"dateModified\":\"2023-02-13T08:56:51+00:00\",\"description\":\"Ka\u015f\u2019ta katamaran kiralama. Yat Kiralama: G\u00fcnl\u00fck ve haftal\u0131k turlar. Bireysel rotan\u0131n haz\u0131rlanmas\u0131.\",\"breadcrumb\":{\"@id\":\"https:\/\/old.brilions.com\/tr\/kas-katamaran\/#breadcrumb\"},\"inLanguage\":\"tr\",\"potentialAction\":[{\"@type\":\"ReadAction\",\"target\":[\"https:\/\/old.brilions.com\/tr\/kas-katamaran\/\"]}]},{\"@type\":\"BreadcrumbList\",\"@id\":\"https:\/\/old.brilions.com\/tr\/kas-katamaran\/#breadcrumb\",\"itemListElement\":[{\"@type\":\"ListItem\",\"position\":1,\"name\":\"\u0413\u043b\u0430\u0432\u043d\u0430\u044f \u0441\u0442\u0440\u0430\u043d\u0438\u0446\u0430\",\"item\":\"https:\/\/old.brilions.com\/tr\/\"},{\"@type\":\"ListItem\",\"position\":2,\"name\":\"Ka\u015f\u2019ta katamaran kiralama\"}]},{\"@type\":\"WebSite\",\"@id\":\"https:\/\/old.brilions.com\/#website\",\"url\":\"https:\/\/old.brilions.com\/\",\"name\":\"Brilions\",\"description\":\"Turkiye\u2019de yat kiralama\",\"potentialAction\":[{\"@type\":\"SearchAction\",\"target\":{\"@type\":\"EntryPoint\",\"urlTemplate\":\"https:\/\/old.brilions.com\/?s={search_term_string}\"},\"query-input\":\"required name=search_term_string\"}],\"inLanguage\":\"tr\"}]}<\/script>\n<!-- \/ Yoast SEO plugin. -->","yoast_head_json":{"title":"Ka\u015f\u2019ta katamaran kiralama - Brilions","description":"Ka\u015f\u2019ta katamaran kiralama. Yat Kiralama: G\u00fcnl\u00fck ve haftal\u0131k turlar. Bireysel rotan\u0131n haz\u0131rlanmas\u0131.","robots":{"index":"noindex","follow":"follow","max-snippet":"max-snippet:-1","max-image-preview":"max-image-preview:large","max-video-preview":"max-video-preview:-1"},"og_locale":"tr_TR","og_type":"article","og_title":"Ka\u015f\u2019ta katamaran kiralama - Brilions","og_description":"Ka\u015f\u2019ta katamaran kiralama. Yat Kiralama: G\u00fcnl\u00fck ve haftal\u0131k turlar. Bireysel rotan\u0131n haz\u0131rlanmas\u0131.","og_url":"https:\/\/old.brilions.com\/tr\/kas-katamaran\/","og_site_name":"Brilions","article_modified_time":"2023-02-13T08:56:51+00:00","twitter_card":"summary_large_image","twitter_misc":{"Tahmini okuma s\u00fcresi":"1 dakika"},"schema":{"@context":"https:\/\/schema.org","@graph":[{"@type":"WebPage","@id":"https:\/\/old.brilions.com\/tr\/kas-katamaran\/","url":"https:\/\/old.brilions.com\/tr\/kas-katamaran\/","name":"Ka\u015f\u2019ta katamaran kiralama - Brilions","isPartOf":{"@id":"https:\/\/old.brilions.com\/#website"},"datePublished":"2021-03-12T19:09:26+00:00","dateModified":"2023-02-13T08:56:51+00:00","description":"Ka\u015f\u2019ta katamaran kiralama. Yat Kiralama: G\u00fcnl\u00fck ve haftal\u0131k turlar. Bireysel rotan\u0131n haz\u0131rlanmas\u0131.","breadcrumb":{"@id":"https:\/\/old.brilions.com\/tr\/kas-katamaran\/#breadcrumb"},"inLanguage":"tr","potentialAction":[{"@type":"ReadAction","target":["https:\/\/old.brilions.com\/tr\/kas-katamaran\/"]}]},{"@type":"BreadcrumbList","@id":"https:\/\/old.brilions.com\/tr\/kas-katamaran\/#breadcrumb","itemListElement":[{"@type":"ListItem","position":1,"name":"\u0413\u043b\u0430\u0432\u043d\u0430\u044f \u0441\u0442\u0440\u0430\u043d\u0438\u0446\u0430","item":"https:\/\/old.brilions.com\/tr\/"},{"@type":"ListItem","position":2,"name":"Ka\u015f\u2019ta katamaran kiralama"}]},{"@type":"WebSite","@id":"https:\/\/old.brilions.com\/#website","url":"https:\/\/old.brilions.com\/","name":"Brilions","description":"Turkiye\u2019de yat kiralama","potentialAction":[{"@type":"SearchAction","target":{"@type":"EntryPoint","urlTemplate":"https:\/\/old.brilions.com\/?s={search_term_string}"},"query-input":"required name=search_term_string"}],"inLanguage":"tr"}]}},"_links":{"self":[{"href":"https:\/\/old.brilions.com\/tr\/wp-json\/wp\/v2\/pages\/30802"}],"collection":[{"href":"https:\/\/old.brilions.com\/tr\/wp-json\/wp\/v2\/pages"}],"about":[{"href":"https:\/\/old.brilions.com\/tr\/wp-json\/wp\/v2\/types\/page"}],"author":[{"embeddable":true,"href":"https:\/\/old.brilions.com\/tr\/wp-json\/wp\/v2\/users\/1"}],"replies":[{"embeddable":true,"href":"https:\/\/old.brilions.com\/tr\/wp-json\/wp\/v2\/comments?post=30802"}],"version-history":[{"count":0,"href":"https:\/\/old.brilions.com\/tr\/wp-json\/wp\/v2\/pages\/30802\/revisions"}],"wp:attachment":[{"href":"https:\/\/old.brilions.com\/tr\/wp-json\/wp\/v2\/media?parent=30802"}],"curies":[{"name":"wp","href":"https:\/\/api.w.org\/{rel}","templated":true}]}}